{"id":1086,"date":"2022-09-05T10:57:40","date_gmt":"2022-09-05T08:57:40","guid":{"rendered":"https:\/\/wonderfulwomenwall.com\/?page_id=1086"},"modified":"2022-11-01T16:07:53","modified_gmt":"2022-11-01T15:07:53","slug":"workshop-2022","status":"publish","type":"page","link":"https:\/\/wonderfulwomenwall.com\/de\/workshop-2022\/","title":{"rendered":"Workshop 2022"},"content":{"rendered":"\n<p> In Kooperation mit der KBach Gallery und der Sch\u00fcler*innen Neeson Cripps Academy sind neun Leinw\u00e4nde entstanden, die drei Generationen von Frauen darstellen. Mit ihrem bereits bestehenden \u201cGranny Project\u201d konnte die NCA auf viele Kontakte zu \u00e4lteren Frauen im Quartier zur\u00fcckgreifen. Die Sch\u00fcler*innen haben im k\u00fcnstlerischen Prozess mit verschiedenen Medien gearbeitet und sich k\u00fcnstlerische Ausdrucksweisen und Methoden angeeignet-  von Fotografie \u00fcber Bildbearbeitung und bis hin zum Malen der Leinw\u00e4nde. Entstanden sind neun Portraits in der Gr\u00f6\u00dfe von jeweils 1m x 1m, die zusammen ein gro\u00dfes Quadrat ergeben und feierlich am Hauptbahnhof in Phnom Penh aufgeh\u00e4ngt wurden. <\/p>\n","protected":false},"excerpt":{"rendered":"<p>In Kooperation mit der KBach Gallery und der Sch\u00fcler*innen Neeson Cripps Academy sind neun Leinw\u00e4nde entstanden, die drei Generationen von Frauen darstellen. Mit ihrem bereits bestehenden \u201cGranny Project\u201d konnte die NCA auf viele Kontakte zu \u00e4lteren Frauen im Quartier zur\u00fcckgreifen. Die Sch\u00fcler*innen haben im k\u00fcnstlerischen Prozess mit verschiedenen Medien gearbeitet und sich k\u00fcnstlerische Ausdrucksweisen und [&hellip;]<\/p>\n","protected":false},"author":3,"featured_media":0,"parent":0,"menu_order":0,"comment_status":"closed","ping_status":"closed","template":"","meta":{"_acf_changed":false,"footnotes":""},"class_list":["post-1086","page","type-page","status-publish","hentry"],"acf":[],"_links":{"self":[{"href":"https:\/\/wonderfulwomenwall.com\/de\/wp-json\/wp\/v2\/pages\/1086","targetHints":{"allow":["GET"]}}],"collection":[{"href":"https:\/\/wonderfulwomenwall.com\/de\/wp-json\/wp\/v2\/pages"}],"about":[{"href":"https:\/\/wonderfulwomenwall.com\/de\/wp-json\/wp\/v2\/types\/page"}],"author":[{"embeddable":true,"href":"https:\/\/wonderfulwomenwall.com\/de\/wp-json\/wp\/v2\/users\/3"}],"replies":[{"embeddable":true,"href":"https:\/\/wonderfulwomenwall.com\/de\/wp-json\/wp\/v2\/comments?post=1086"}],"version-history":[{"count":5,"href":"https:\/\/wonderfulwomenwall.com\/de\/wp-json\/wp\/v2\/pages\/1086\/revisions"}],"predecessor-version":[{"id":1168,"href":"https:\/\/wonderfulwomenwall.com\/de\/wp-json\/wp\/v2\/pages\/1086\/revisions\/1168"}],"wp:attachment":[{"href":"https:\/\/wonderfulwomenwall.com\/de\/wp-json\/wp\/v2\/media?parent=1086"}],"curies":[{"name":"wp","href":"https:\/\/api.w.org\/{rel}","templated":true}]}}