{"id":63,"date":"2019-09-12T16:13:29","date_gmt":"2019-09-12T14:13:29","guid":{"rendered":"https:\/\/wonderfulwomenwall.com\/?page_id=63"},"modified":"2021-04-06T15:29:59","modified_gmt":"2021-04-06T13:29:59","slug":"mural-2019","status":"publish","type":"page","link":"https:\/\/wonderfulwomenwall.com\/de\/mural-2019\/","title":{"rendered":"Mural 2019"},"content":{"rendered":"\n<p><\/p>\n\n\n\n<p><\/p>\n\n\n\n<p>Nachdem unser Kernteam ein halbes Jahr lang Nominierungen f\u00fcr Frauen gesammelt, Fotograf*innen kontaktiert, Fotos ausgew\u00e4hlt und vorbereitet hat, konnten wir im August 2019 mit den Vorbereitungen f\u00fcr die Gestaltung starten. Mit einem Team von 15 Helfer*innen wurden innerhalb von f\u00fcnf Wochen 148 Schablonen aus 48 Portraitfotos digital erstellt, auf 150 x 150 cm gro\u00dfe Pappzuschnitte \u00fcbertragen und in Millimeterarbeit per Hand ausgeschnitten. Durch gute Planung und eine ausgekl\u00fcgelte Logistik sind wir mit der Wandgestaltung schnell vorangekommen.<strong> <\/strong>Die Wonderful Women Wall in der W\u00f6rmlitzer Stra\u00dfe wurde im Zeitraum von sieben Tagen unter Anleitung der K\u00fcnstlerin mit Hilfe von sieben Helfer*innen umgesetzt. Nach Fertigstellung der Wandgestaltung erfolgte eine \u00f6ffentlichkeitswirksame Einweihung der Wand.<br><\/p>\n\n\n\n<p>Nat\u00fcrlich werden 48 Portraits nicht ansatzweise der Vielzahl von Frauen gerecht, die auf einer solchen Wand abgebildet werden k\u00f6nnten; es konnte f\u00fcr diese erste Wand nur mehr eine Zufallsauswahl getroffen, ein Anfang gemacht werden. Vorstellbar sind zuk\u00fcnftig weitere W\u00e4nde an verschiedenen Orten, mit bestimmten&nbsp; thematischen Schwerpunkten (Sport, Wissenschaft, Politik) oder als Schulprojekte in Zusammenarbeit mit Sch\u00fclerinnen*, die zum Beispiel im Rahmen von Projektwochen die Wahl der Frauenportraits f\u00fcr ihre Schule selbst treffen k\u00f6nnen. Die erste Wonderful Women Wall ist als Leuchtturmprojekt gedacht und soll einen Anlass bieten, das Thema auf verschiedenen Wegen immer wieder aufgreifen zu k\u00f6nnen.<br><\/p>\n\n\n\n<p><\/p>\n\n\n\n<p><\/p>\n\n\n\n<p><\/p>\n\n\n\n<figure class=\"wp-block-embed-youtube wp-block-embed is-type-video is-provider-youtube wp-embed-aspect-16-9 wp-has-aspect-ratio\"><div class=\"wp-block-embed__wrapper\">\n<iframe loading=\"lazy\" title=\"Wonderful Women Wall 1 - Eine Wand, 48 Portraits bedeutender Frauen, 144 Stencils\" width=\"500\" height=\"281\" src=\"https:\/\/www.youtube.com\/embed\/lJtt0eZBrJo?feature=oembed\" frameborder=\"0\" allow=\"accelerometer; autoplay; clipboard-write; encrypted-media; gyroscope; picture-in-picture; web-share\" referrerpolicy=\"strict-origin-when-cross-origin\" allowfullscreen><\/iframe>\n<\/div><\/figure>\n","protected":false},"excerpt":{"rendered":"<p>Nachdem unser Kernteam ein halbes Jahr lang Nominierungen f\u00fcr Frauen gesammelt, Fotograf*innen kontaktiert, Fotos ausgew\u00e4hlt und vorbereitet hat, konnten wir im August 2019 mit den Vorbereitungen f\u00fcr die Gestaltung starten. Mit einem Team von 15 Helfer*innen wurden innerhalb von f\u00fcnf Wochen 148 Schablonen aus 48 Portraitfotos digital erstellt, auf 150 x 150 cm gro\u00dfe Pappzuschnitte [&hellip;]<\/p>\n","protected":false},"author":1,"featured_media":0,"parent":0,"menu_order":0,"comment_status":"closed","ping_status":"closed","template":"","meta":{"_acf_changed":false,"footnotes":""},"class_list":["post-63","page","type-page","status-publish","hentry"],"acf":[],"_links":{"self":[{"href":"https:\/\/wonderfulwomenwall.com\/de\/wp-json\/wp\/v2\/pages\/63","targetHints":{"allow":["GET"]}}],"collection":[{"href":"https:\/\/wonderfulwomenwall.com\/de\/wp-json\/wp\/v2\/pages"}],"about":[{"href":"https:\/\/wonderfulwomenwall.com\/de\/wp-json\/wp\/v2\/types\/page"}],"author":[{"embeddable":true,"href":"https:\/\/wonderfulwomenwall.com\/de\/wp-json\/wp\/v2\/users\/1"}],"replies":[{"embeddable":true,"href":"https:\/\/wonderfulwomenwall.com\/de\/wp-json\/wp\/v2\/comments?post=63"}],"version-history":[{"count":32,"href":"https:\/\/wonderfulwomenwall.com\/de\/wp-json\/wp\/v2\/pages\/63\/revisions"}],"predecessor-version":[{"id":1003,"href":"https:\/\/wonderfulwomenwall.com\/de\/wp-json\/wp\/v2\/pages\/63\/revisions\/1003"}],"wp:attachment":[{"href":"https:\/\/wonderfulwomenwall.com\/de\/wp-json\/wp\/v2\/media?parent=63"}],"curies":[{"name":"wp","href":"https:\/\/api.w.org\/{rel}","templated":true}]}}